{"id":3428,"date":"2025-05-30T18:09:33","date_gmt":"2025-05-30T21:09:33","guid":{"rendered":"https:\/\/aquea.org\/comparador-jugadores\/"},"modified":"2025-05-30T18:09:33","modified_gmt":"2025-05-30T21:09:33","slug":"comparador-jugadores","status":"publish","type":"page","link":"https:\/\/aquea.org\/en\/comparador-jugadores\/","title":{"rendered":"Comparador de Jugadores"},"content":{"rendered":"<div class=\"dashboard-error\">\n                        <div class=\"dashboard-error-icon\">\ud83d\udd12<\/div>\n                        <h3>Acceso Restringido<\/h3>\n                        <p>Ten\u00e9s que iniciar sesi\u00f3n para acceder al dashboard de comparaci\u00f3n de jugadores.<\/p>\n                    <\/div>","protected":false},"excerpt":{"rendered":"","protected":false},"author":3,"featured_media":0,"parent":0,"menu_order":0,"comment_status":"closed","ping_status":"closed","template":"","meta":{"footnotes":""},"class_list":["post-3428","page","type-page","status-publish","hentry"],"_links":{"self":[{"href":"https:\/\/aquea.org\/en\/wp-json\/wp\/v2\/pages\/3428","targetHints":{"allow":["GET"]}}],"collection":[{"href":"https:\/\/aquea.org\/en\/wp-json\/wp\/v2\/pages"}],"about":[{"href":"https:\/\/aquea.org\/en\/wp-json\/wp\/v2\/types\/page"}],"author":[{"embeddable":true,"href":"https:\/\/aquea.org\/en\/wp-json\/wp\/v2\/users\/3"}],"replies":[{"embeddable":true,"href":"https:\/\/aquea.org\/en\/wp-json\/wp\/v2\/comments?post=3428"}],"version-history":[{"count":0,"href":"https:\/\/aquea.org\/en\/wp-json\/wp\/v2\/pages\/3428\/revisions"}],"wp:attachment":[{"href":"https:\/\/aquea.org\/en\/wp-json\/wp\/v2\/media?parent=3428"}],"curies":[{"name":"wp","href":"https:\/\/api.w.org\/{rel}","templated":true}]}}